{"id":80,"date":"2024-01-17T19:10:54","date_gmt":"2024-01-17T18:10:54","guid":{"rendered":"http:\/\/lckinstalaciones.com\/?page_id=80"},"modified":"2024-01-17T19:16:06","modified_gmt":"2024-01-17T18:16:06","slug":"servicios","status":"publish","type":"page","link":"https:\/\/lckinstalaciones.com\/?page_id=80","title":{"rendered":"Servicios"},"content":{"rendered":"\n<figure class=\"wp-block-image size-large is-resized is-style-rounded\"><a href=\"https:\/\/lckinstalaciones.com\/wp-content\/uploads\/2020\/01\/logo_LCK.png\"><img loading=\"lazy\" src=\"https:\/\/lckinstalaciones.com\/wp-content\/uploads\/2020\/01\/logo_LCK-1024x229.png\" alt=\"\" class=\"wp-image-10\" width=\"1024\" height=\"229\" srcset=\"https:\/\/lckinstalaciones.com\/wp-content\/uploads\/2020\/01\/logo_LCK-1024x229.png 1024w, https:\/\/lckinstalaciones.com\/wp-content\/uploads\/2020\/01\/logo_LCK-300x67.png 300w, https:\/\/lckinstalaciones.com\/wp-content\/uploads\/2020\/01\/logo_LCK-768x172.png 768w, https:\/\/lckinstalaciones.com\/wp-content\/uploads\/2020\/01\/logo_LCK-1568x351.png 1568w\" sizes=\"(max-width: 1024px) 100vw, 1024px\" \/><\/a><\/figure>\n\n\n\n<div class=\"wp-block-media-text alignwide is-stacked-on-mobile\" style=\"grid-template-columns:48% auto\"><figure class=\"wp-block-media-text__media\"><img loading=\"lazy\" width=\"2560\" height=\"1181\" src=\"https:\/\/lckinstalaciones.com\/wp-content\/uploads\/2021\/03\/1615372951859-scaled.jpg\" alt=\"\" class=\"wp-image-81 size-full\" srcset=\"https:\/\/lckinstalaciones.com\/wp-content\/uploads\/2021\/03\/1615372951859-scaled.jpg 2560w, https:\/\/lckinstalaciones.com\/wp-content\/uploads\/2021\/03\/1615372951859-300x138.jpg 300w, https:\/\/lckinstalaciones.com\/wp-content\/uploads\/2021\/03\/1615372951859-1024x473.jpg 1024w, https:\/\/lckinstalaciones.com\/wp-content\/uploads\/2021\/03\/1615372951859-768x354.jpg 768w, https:\/\/lckinstalaciones.com\/wp-content\/uploads\/2021\/03\/1615372951859-1536x709.jpg 1536w, https:\/\/lckinstalaciones.com\/wp-content\/uploads\/2021\/03\/1615372951859-2048x945.jpg 2048w\" sizes=\"(max-width: 2560px) 100vw, 2560px\" \/><\/figure><div class=\"wp-block-media-text__content\">\n<p class=\"has-text-align-left has-large-font-size\"><strong>Electricidad<\/strong><\/p>\n\n\n\n<p><em>Re<\/em>alizamos todo tipo de instalaciones el\u00e9ctricas. Empresa autorizada. <\/p>\n<\/div><\/div>\n\n\n\n<hr class=\"wp-block-separator\"\/>\n\n\n\n<div class=\"wp-block-media-text alignwide has-media-on-the-right is-stacked-on-mobile\"><figure class=\"wp-block-media-text__media\"><img loading=\"lazy\" width=\"1024\" height=\"1024\" src=\"https:\/\/lckinstalaciones.com\/wp-content\/uploads\/2024\/01\/52246_IM3_a21e81a7dc473997b9df1d122093adff-1024x1024.jpg\" alt=\"\" class=\"wp-image-102 size-full\" srcset=\"https:\/\/lckinstalaciones.com\/wp-content\/uploads\/2024\/01\/52246_IM3_a21e81a7dc473997b9df1d122093adff-1024x1024.jpg 1024w, https:\/\/lckinstalaciones.com\/wp-content\/uploads\/2024\/01\/52246_IM3_a21e81a7dc473997b9df1d122093adff-300x300.jpg 300w, https:\/\/lckinstalaciones.com\/wp-content\/uploads\/2024\/01\/52246_IM3_a21e81a7dc473997b9df1d122093adff-150x150.jpg 150w, https:\/\/lckinstalaciones.com\/wp-content\/uploads\/2024\/01\/52246_IM3_a21e81a7dc473997b9df1d122093adff-768x768.jpg 768w, https:\/\/lckinstalaciones.com\/wp-content\/uploads\/2024\/01\/52246_IM3_a21e81a7dc473997b9df1d122093adff.jpg 1300w\" sizes=\"(max-width: 1024px) 100vw, 1024px\" \/><\/figure><div class=\"wp-block-media-text__content\">\n<p class=\"has-large-font-size\">CCTV SISTEMA DE VIDEOVIGILANCIA<\/p>\n\n\n\n<p><\/p>\n<\/div><\/div>\n\n\n\n<hr class=\"wp-block-separator\"\/>\n\n\n\n<div class=\"wp-block-media-text alignwide is-stacked-on-mobile\"><figure class=\"wp-block-media-text__media\"><img loading=\"lazy\" width=\"1024\" height=\"1024\" src=\"https:\/\/lckinstalaciones.com\/wp-content\/uploads\/2024\/01\/55534_IM3_6c966fd715f69dc997ec57f7fe283fc2-1024x1024.jpg\" alt=\"\" class=\"wp-image-103 size-full\" srcset=\"https:\/\/lckinstalaciones.com\/wp-content\/uploads\/2024\/01\/55534_IM3_6c966fd715f69dc997ec57f7fe283fc2-1024x1024.jpg 1024w, https:\/\/lckinstalaciones.com\/wp-content\/uploads\/2024\/01\/55534_IM3_6c966fd715f69dc997ec57f7fe283fc2-300x300.jpg 300w, https:\/\/lckinstalaciones.com\/wp-content\/uploads\/2024\/01\/55534_IM3_6c966fd715f69dc997ec57f7fe283fc2-150x150.jpg 150w, https:\/\/lckinstalaciones.com\/wp-content\/uploads\/2024\/01\/55534_IM3_6c966fd715f69dc997ec57f7fe283fc2-768x768.jpg 768w, https:\/\/lckinstalaciones.com\/wp-content\/uploads\/2024\/01\/55534_IM3_6c966fd715f69dc997ec57f7fe283fc2.jpg 1300w\" sizes=\"(max-width: 1024px) 100vw, 1024px\" \/><\/figure><div class=\"wp-block-media-text__content\">\n<p class=\"has-large-font-size\">ALARMAS DE INSTRUSI\u00d3N<\/p>\n\n\n\n<p><\/p>\n<\/div><\/div>\n\n\n\n<div class=\"wp-block-media-text alignwide has-media-on-the-right is-stacked-on-mobile\"><figure class=\"wp-block-media-text__media\"><img loading=\"lazy\" width=\"1024\" height=\"1024\" src=\"https:\/\/lckinstalaciones.com\/wp-content\/uploads\/2024\/01\/100473_IM3_4c165c52cb6205c8e8daaae5679460e3-1024x1024.jpg\" alt=\"\" class=\"wp-image-104 size-full\" srcset=\"https:\/\/lckinstalaciones.com\/wp-content\/uploads\/2024\/01\/100473_IM3_4c165c52cb6205c8e8daaae5679460e3-1024x1024.jpg 1024w, https:\/\/lckinstalaciones.com\/wp-content\/uploads\/2024\/01\/100473_IM3_4c165c52cb6205c8e8daaae5679460e3-300x300.jpg 300w, https:\/\/lckinstalaciones.com\/wp-content\/uploads\/2024\/01\/100473_IM3_4c165c52cb6205c8e8daaae5679460e3-150x150.jpg 150w, https:\/\/lckinstalaciones.com\/wp-content\/uploads\/2024\/01\/100473_IM3_4c165c52cb6205c8e8daaae5679460e3-768x768.jpg 768w, https:\/\/lckinstalaciones.com\/wp-content\/uploads\/2024\/01\/100473_IM3_4c165c52cb6205c8e8daaae5679460e3.jpg 1300w\" sizes=\"(max-width: 1024px) 100vw, 1024px\" \/><\/figure><div class=\"wp-block-media-text__content\">\n<p class=\"has-large-font-size\">SISTEMAS DE VIDEOPORTERO Y CONTROLES DE ACCESOS<\/p>\n<\/div><\/div>\n\n\n\n<div class=\"wp-block-media-text alignwide is-stacked-on-mobile\" style=\"grid-template-columns:44% auto\"><figure class=\"wp-block-media-text__media\"><img loading=\"lazy\" width=\"1024\" height=\"768\" src=\"https:\/\/lckinstalaciones.com\/wp-content\/uploads\/2024\/01\/20211112_160257-1024x768.jpg\" alt=\"\" class=\"wp-image-105 size-full\" srcset=\"https:\/\/lckinstalaciones.com\/wp-content\/uploads\/2024\/01\/20211112_160257-1024x768.jpg 1024w, https:\/\/lckinstalaciones.com\/wp-content\/uploads\/2024\/01\/20211112_160257-300x225.jpg 300w, https:\/\/lckinstalaciones.com\/wp-content\/uploads\/2024\/01\/20211112_160257-768x576.jpg 768w, https:\/\/lckinstalaciones.com\/wp-content\/uploads\/2024\/01\/20211112_160257-1536x1152.jpg 1536w, https:\/\/lckinstalaciones.com\/wp-content\/uploads\/2024\/01\/20211112_160257-2048x1536.jpg 2048w\" sizes=\"(max-width: 1024px) 100vw, 1024px\" \/><\/figure><div class=\"wp-block-media-text__content\">\n<p class=\"has-large-font-size\">INSTALACIONES FOTOVOLT\u00c1ICAS<\/p>\n<\/div><\/div>\n\n\n\n<hr class=\"wp-block-separator\"\/>\n\n\n\n<div class=\"wp-block-media-text alignwide has-media-on-the-right is-stacked-on-mobile\" style=\"grid-template-columns:auto 47%\"><figure class=\"wp-block-media-text__media\"><img loading=\"lazy\" width=\"1024\" height=\"576\" src=\"https:\/\/lckinstalaciones.com\/wp-content\/uploads\/2024\/01\/KOSTAL-Wallbox-ENECTOR-16to9-1024x576.png\" alt=\"\" class=\"wp-image-106 size-full\" srcset=\"https:\/\/lckinstalaciones.com\/wp-content\/uploads\/2024\/01\/KOSTAL-Wallbox-ENECTOR-16to9-1024x576.png 1024w, https:\/\/lckinstalaciones.com\/wp-content\/uploads\/2024\/01\/KOSTAL-Wallbox-ENECTOR-16to9-300x169.png 300w, https:\/\/lckinstalaciones.com\/wp-content\/uploads\/2024\/01\/KOSTAL-Wallbox-ENECTOR-16to9-768x432.png 768w, https:\/\/lckinstalaciones.com\/wp-content\/uploads\/2024\/01\/KOSTAL-Wallbox-ENECTOR-16to9.png 1140w\" sizes=\"(max-width: 1024px) 100vw, 1024px\" \/><\/figure><div class=\"wp-block-media-text__content\">\n<p class=\"has-large-font-size\">RECARGA DE VEH\u00cdCULOS EL\u00c9CTRICOS<\/p>\n<\/div><\/div>\n\n\n\n<p><\/p>\n","protected":false},"excerpt":{"rendered":"<p>Electricidad Realizamos todo tipo de instalaciones el\u00e9ctricas. Empresa autorizada. CCTV SISTEMA DE VIDEOVIGILANCIA ALARMAS DE INSTRUSI\u00d3N SISTEMAS DE VIDEOPORTERO Y CONTROLES DE ACCESOS INSTALACIONES FOTOVOLT\u00c1ICAS RECARGA DE VEH\u00cdCULOS EL\u00c9CTRICOS<\/p>\n","protected":false},"author":1,"featured_media":0,"parent":0,"menu_order":0,"comment_status":"closed","ping_status":"closed","template":"","meta":[],"_links":{"self":[{"href":"https:\/\/lckinstalaciones.com\/index.php?rest_route=\/wp\/v2\/pages\/80"}],"collection":[{"href":"https:\/\/lckinstalaciones.com\/index.php?rest_route=\/wp\/v2\/pages"}],"about":[{"href":"https:\/\/lckinstalaciones.com\/index.php?rest_route=\/wp\/v2\/types\/page"}],"author":[{"embeddable":true,"href":"https:\/\/lckinstalaciones.com\/index.php?rest_route=\/wp\/v2\/users\/1"}],"replies":[{"embeddable":true,"href":"https:\/\/lckinstalaciones.com\/index.php?rest_route=%2Fwp%2Fv2%2Fcomments&post=80"}],"version-history":[{"count":6,"href":"https:\/\/lckinstalaciones.com\/index.php?rest_route=\/wp\/v2\/pages\/80\/revisions"}],"predecessor-version":[{"id":109,"href":"https:\/\/lckinstalaciones.com\/index.php?rest_route=\/wp\/v2\/pages\/80\/revisions\/109"}],"wp:attachment":[{"href":"https:\/\/lckinstalaciones.com\/index.php?rest_route=%2Fwp%2Fv2%2Fmedia&parent=80"}],"curies":[{"name":"wp","href":"https:\/\/api.w.org\/{rel}","templated":true}]}}